{"id":69,"date":"2017-10-30T12:50:04","date_gmt":"2017-10-30T12:50:04","guid":{"rendered":"http:\/\/monoradas.ro\/?page_id=69"},"modified":"2025-05-04T13:35:25","modified_gmt":"2025-05-04T13:35:25","slug":"acasa","status":"publish","type":"page","link":"http:\/\/monoradas.ro\/de\/","title":{"rendered":"Home"},"content":{"rendered":"<h1><\/h1>\n<p>Wir sind ein Unternehmen aus Siebenb\u00fcrgen RO, gegr\u00fcndet im Jahr 2007, und produzieren Holzelemente, die nicht impr\u00e4gniert oder getr\u00e4nkt sind.\u00a0Wenn Sie an unseren Produkten oder Dienstleistungen interessiert sind, mailen Sie uns bitte und Sie werden so schnell wie m\u00f6glich eine Antwort erhalten.<\/p>\n<p>&nbsp;","protected":false},"excerpt":{"rendered":"<p>Wir sind ein Unternehmen aus Siebenb\u00fcrgen RO, gegr\u00fcndet im Jahr 2007, und produzieren Holzelemente, die nicht impr\u00e4gniert oder getr\u00e4nkt sind.\u00a0Wenn Sie an unseren Produkten oder Dienstleistungen interessiert sind, mailen Sie uns bitte und Sie werden so schnell wie m\u00f6glich eine Antwort erhalten. &nbsp;<\/p>\n","protected":false},"author":1,"featured_media":0,"parent":0,"menu_order":0,"comment_status":"closed","ping_status":"closed","template":"homepage.php","meta":[],"_links":{"self":[{"href":"http:\/\/monoradas.ro\/de\/wp-json\/wp\/v2\/pages\/69"}],"collection":[{"href":"http:\/\/monoradas.ro\/de\/wp-json\/wp\/v2\/pages"}],"about":[{"href":"http:\/\/monoradas.ro\/de\/wp-json\/wp\/v2\/types\/page"}],"author":[{"embeddable":true,"href":"http:\/\/monoradas.ro\/de\/wp-json\/wp\/v2\/users\/1"}],"replies":[{"embeddable":true,"href":"http:\/\/monoradas.ro\/de\/wp-json\/wp\/v2\/comments?post=69"}],"version-history":[{"count":33,"href":"http:\/\/monoradas.ro\/de\/wp-json\/wp\/v2\/pages\/69\/revisions"}],"predecessor-version":[{"id":379,"href":"http:\/\/monoradas.ro\/de\/wp-json\/wp\/v2\/pages\/69\/revisions\/379"}],"wp:attachment":[{"href":"http:\/\/monoradas.ro\/de\/wp-json\/wp\/v2\/media?parent=69"}],"curies":[{"name":"wp","href":"https:\/\/api.w.org\/{rel}","templated":true}]}}