{"id":27,"date":"2017-10-28T18:13:41","date_gmt":"2017-10-28T18:13:41","guid":{"rendered":"http:\/\/monoradas.ro\/?page_id=27"},"modified":"2025-05-04T12:04:34","modified_gmt":"2025-05-04T12:04:34","slug":"despre-noi","status":"publish","type":"page","link":"http:\/\/monoradas.ro\/de\/despre-noi\/","title":{"rendered":"\u00dcber uns"},"content":{"rendered":"Wir sind ein Team, das sich auf die Herstellung von nicht impr\u00e4gnierten oder impr\u00e4gnierten Holzelementen spezialisiert hat.\u00a0Wenn Sie an unseren Produkten oder Dienstleistungen interessiert sind, mailen Sie uns bitte und Sie werden so schnell wie m\u00f6glich eine Antwort erhalten.","protected":false},"excerpt":{"rendered":"<p>Wir sind ein Team, das sich auf die Herstellung von nicht impr\u00e4gnierten oder impr\u00e4gnierten Holzelementen spezialisiert hat.\u00a0Wenn Sie an unseren Produkten oder Dienstleistungen interessiert sind, mailen Sie uns bitte und Sie werden so schnell wie m\u00f6glich eine Antwort erhalten.<\/p>\n","protected":false},"author":1,"featured_media":0,"parent":0,"menu_order":0,"comment_status":"closed","ping_status":"closed","template":"template_fullwidth.php","meta":[],"_links":{"self":[{"href":"http:\/\/monoradas.ro\/de\/wp-json\/wp\/v2\/pages\/27"}],"collection":[{"href":"http:\/\/monoradas.ro\/de\/wp-json\/wp\/v2\/pages"}],"about":[{"href":"http:\/\/monoradas.ro\/de\/wp-json\/wp\/v2\/types\/page"}],"author":[{"embeddable":true,"href":"http:\/\/monoradas.ro\/de\/wp-json\/wp\/v2\/users\/1"}],"replies":[{"embeddable":true,"href":"http:\/\/monoradas.ro\/de\/wp-json\/wp\/v2\/comments?post=27"}],"version-history":[{"count":14,"href":"http:\/\/monoradas.ro\/de\/wp-json\/wp\/v2\/pages\/27\/revisions"}],"predecessor-version":[{"id":378,"href":"http:\/\/monoradas.ro\/de\/wp-json\/wp\/v2\/pages\/27\/revisions\/378"}],"wp:attachment":[{"href":"http:\/\/monoradas.ro\/de\/wp-json\/wp\/v2\/media?parent=27"}],"curies":[{"name":"wp","href":"https:\/\/api.w.org\/{rel}","templated":true}]}}